{"id":4337,"date":"2024-04-02T01:56:01","date_gmt":"2024-04-02T01:56:01","guid":{"rendered":"https:\/\/igrejacaminhosdavida.com.br\/?page_id=4337"},"modified":"2024-04-04T02:17:56","modified_gmt":"2024-04-04T02:17:56","slug":"politica-de-privacidade-app-igreja-caminhos-da-vida","status":"publish","type":"page","link":"https:\/\/igrejacaminhosdavida.com.br\/index.php\/politica-de-privacidade-app-igreja-caminhos-da-vida\/","title":{"rendered":"Pol\u00edtica de Privacidade App &#8211; Igreja Caminhos da Vida"},"content":{"rendered":"\t\t<div data-elementor-type=\"wp-page\" data-elementor-id=\"4337\" class=\"elementor elementor-4337\" data-elementor-post-type=\"page\">\n\t\t\t\t\t\t\t\t\t<section class=\"elementor-section elementor-top-section elementor-element elementor-element-119e28a elementor-section-boxed elementor-section-height-default elementor-section-height-default\" data-id=\"119e28a\" data-element_type=\"section\">\n\t\t\t\t\t\t<div class=\"elementor-container elementor-column-gap-default\">\n\t\t\t\t\t<div class=\"elementor-column elementor-col-100 elementor-top-column elementor-element elementor-element-ec6be50\" data-id=\"ec6be50\" data-element_type=\"column\">\n\t\t\t<div class=\"elementor-widget-wrap elementor-element-populated\">\n\t\t\t\t\t\t\t\t<div class=\"elementor-element elementor-element-d928c36 elementor-widget elementor-widget-spacer\" data-id=\"d928c36\" data-element_type=\"widget\" data-widget_type=\"spacer.default\">\n\t\t\t\t<div class=\"elementor-widget-container\">\n\t\t\t<style>\/*! elementor - v3.17.0 - 08-11-2023 *\/\n.elementor-column .elementor-spacer-inner{height:var(--spacer-size)}.e-con{--container-widget-width:100%}.e-con-inner>.elementor-widget-spacer,.e-con>.elementor-widget-spacer{width:var(--container-widget-width,var(--spacer-size));--align-self:var(--container-widget-align-self,initial);--flex-shrink:0}.e-con-inner>.elementor-widget-spacer>.elementor-widget-container,.e-con>.elementor-widget-spacer>.elementor-widget-container{height:100%;width:100%}.e-con-inner>.elementor-widget-spacer>.elementor-widget-container>.elementor-spacer,.e-con>.elementor-widget-spacer>.elementor-widget-container>.elementor-spacer{height:100%}.e-con-inner>.elementor-widget-spacer>.elementor-widget-container>.elementor-spacer>.elementor-spacer-inner,.e-con>.elementor-widget-spacer>.elementor-widget-container>.elementor-spacer>.elementor-spacer-inner{height:var(--container-widget-height,var(--spacer-size))}.e-con-inner>.elementor-widget-spacer.elementor-widget-empty,.e-con>.elementor-widget-spacer.elementor-widget-empty{position:relative;min-height:22px;min-width:22px}.e-con-inner>.elementor-widget-spacer.elementor-widget-empty .elementor-widget-empty-icon,.e-con>.elementor-widget-spacer.elementor-widget-empty .elementor-widget-empty-icon{position:absolute;top:0;bottom:0;left:0;right:0;margin:auto;padding:0;width:22px;height:22px}<\/style>\t\t<div class=\"elementor-spacer\">\n\t\t\t<div class=\"elementor-spacer-inner\"><\/div>\n\t\t<\/div>\n\t\t\t\t<\/div>\n\t\t\t\t<\/div>\n\t\t\t\t<section class=\"elementor-section elementor-inner-section elementor-element elementor-element-f42e7d0 elementor-section-boxed elementor-section-height-default elementor-section-height-default\" data-id=\"f42e7d0\" data-element_type=\"section\" data-settings=\"{&quot;background_background&quot;:&quot;gradient&quot;}\">\n\t\t\t\t\t\t<div class=\"elementor-container elementor-column-gap-default\">\n\t\t\t\t\t<div class=\"elementor-column elementor-col-100 elementor-inner-column elementor-element elementor-element-7446add\" data-id=\"7446add\" data-element_type=\"column\">\n\t\t\t<div class=\"elementor-widget-wrap elementor-element-populated\">\n\t\t\t\t\t\t\t\t<div class=\"elementor-element elementor-element-76ffeee elementor-widget elementor-widget-heading\" data-id=\"76ffeee\" data-element_type=\"widget\" data-widget_type=\"heading.default\">\n\t\t\t\t<div class=\"elementor-widget-container\">\n\t\t\t<style>\/*! elementor - v3.17.0 - 08-11-2023 *\/\n.elementor-heading-title{padding:0;margin:0;line-height:1}.elementor-widget-heading .elementor-heading-title[class*=elementor-size-]>a{color:inherit;font-size:inherit;line-height:inherit}.elementor-widget-heading .elementor-heading-title.elementor-size-small{font-size:15px}.elementor-widget-heading .elementor-heading-title.elementor-size-medium{font-size:19px}.elementor-widget-heading .elementor-heading-title.elementor-size-large{font-size:29px}.elementor-widget-heading .elementor-heading-title.elementor-size-xl{font-size:39px}.elementor-widget-heading .elementor-heading-title.elementor-size-xxl{font-size:59px}<\/style><h2 class=\"elementor-heading-title elementor-size-default\">PRIVACIDADE<\/h2>\t\t<\/div>\n\t\t\t\t<\/div>\n\t\t\t\t\t<\/div>\n\t\t<\/div>\n\t\t\t\t\t\t\t<\/div>\n\t\t<\/section>\n\t\t\t\t<section class=\"elementor-section elementor-inner-section elementor-element elementor-element-8298ec6 elementor-section-boxed elementor-section-height-default elementor-section-height-default\" data-id=\"8298ec6\" data-element_type=\"section\">\n\t\t\t\t\t\t<div class=\"elementor-container elementor-column-gap-default\">\n\t\t\t\t\t<div class=\"elementor-column elementor-col-100 elementor-inner-column elementor-element elementor-element-ff897d1\" data-id=\"ff897d1\" data-element_type=\"column\">\n\t\t\t<div class=\"elementor-widget-wrap elementor-element-populated\">\n\t\t\t\t\t\t\t\t<div class=\"elementor-element elementor-element-5415958 elementor-widget elementor-widget-spacer\" data-id=\"5415958\" data-element_type=\"widget\" data-widget_type=\"spacer.default\">\n\t\t\t\t<div class=\"elementor-widget-container\">\n\t\t\t\t\t<div class=\"elementor-spacer\">\n\t\t\t<div class=\"elementor-spacer-inner\"><\/div>\n\t\t<\/div>\n\t\t\t\t<\/div>\n\t\t\t\t<\/div>\n\t\t\t\t<div class=\"elementor-element elementor-element-b514f9b elementor-widget elementor-widget-text-editor\" data-id=\"b514f9b\" data-element_type=\"widget\" data-widget_type=\"text-editor.default\">\n\t\t\t\t<div class=\"elementor-widget-container\">\n\t\t\t<style>\/*! elementor - v3.17.0 - 08-11-2023 *\/\n.elementor-widget-text-editor.elementor-drop-cap-view-stacked .elementor-drop-cap{background-color:#69727d;color:#fff}.elementor-widget-text-editor.elementor-drop-cap-view-framed .elementor-drop-cap{color:#69727d;border:3px solid;background-color:transparent}.elementor-widget-text-editor:not(.elementor-drop-cap-view-default) .elementor-drop-cap{margin-top:8px}.elementor-widget-text-editor:not(.elementor-drop-cap-view-default) .elementor-drop-cap-letter{width:1em;height:1em}.elementor-widget-text-editor .elementor-drop-cap{float:left;text-align:center;line-height:1;font-size:50px}.elementor-widget-text-editor .elementor-drop-cap-letter{display:inline-block}<\/style>\t\t\t\t<p><strong>POL\u00cdTICA DE PRIVACIDADE E TRATAMENTO DE DADOS PESSOAIS DA IGREJA CAMINHOS DA VIDA<\/strong><\/p><p>A presente Pol\u00edtica tem por finalidade demonstrar o compromisso da Igreja Caminhos da Vida com a seguran\u00e7a e privacidade e com o tratamos os dados pessoais dos usu\u00e1rios que acessam nosso aplicativo\/site, atendendo aos princ\u00edpios da Lei Geral de Prote\u00e7\u00e3o de Dados Pessoais (LGPD).<\/p><p>\u00a0<\/p><p><strong>1 \u2013 COLETA E USO DE DADOS PESSOAIS E REGISTRO DE ATIVIDADES<\/strong><\/p><p><strong>Sobre coleta de dados:<\/strong> Este App\/Site <strong>n\u00e3o coleta<\/strong> dados pessoais de nossos visitantes como:<\/p><ul><li>Nome, e-mail, telefone. etc. Ou exije qualquer tipo de cadastro onde os usu\u00e1rios precisem inserir informa\u00e7\u00f5es pessoais como endere\u00e7os, senhas ou fotos.<\/li><li>Nossa plataforma no geral, tanto o aplicativo como o site \u00e9 voltada unicamente para fornecer acesso a informa\u00e7\u00f5es relacionadas aos eventos da nossa Igreja, tais como: Cultos, Reuni\u00f5es, Conte\u00fados lan\u00e7ados na Web, Materiais de estudo b\u00edblico, avisos e lembretes.\u00a0<\/li><\/ul><p>\u00a0<\/p><p><strong>Dados coletados N\u00c3O informados pelo USU\u00c1RIO:<\/strong> A Igreja Caminhos da Vida utiliza cookies (pequenos arquivos no formato texto que ficam gravados na sua m\u00e1quina) e tecnologias similares para registrar eventos de navega\u00e7\u00e3o e compreender o perfil e o comportamento dos USU\u00c1RIOS que visitam ou acessam nossas p\u00e1ginas por meio dos navegadores da Web, com a finalidade de personalizar a experi\u00eancia de navega\u00e7\u00e3o do USU\u00c1RIO.\u00a0<\/p><p>A base de dados, formada por meio da coleta de dados, \u00e9 de propriedade e responsabilidade da Igreja Caminhos da Vida. A base de dados n\u00e3o ser\u00e1 compartilhada com outras empresas ou organiza\u00e7\u00f5es. Os dados nunca ser\u00e3o comercializados ou divulgados.<\/p><p>Internamente, os dados dos USU\u00c1RIOS s\u00e3o acessados somente por profissionais devidamente autorizados pela Igreja Caminhos da Vida, sendo eles t\u00e9cnicos e colaboradores com acesso apenas aos Cookies que podem ser acessados pelo site ou aplicativo quando o usu\u00e1rio visita ou interage com eles.\u00a0 N\u00e3o temos acesso direto aos cookies individuais armazenados nos dispositivos dos usu\u00e1rios, e n\u00e3o podemos ler ou modificar cookies de outros sites ou aplicativos&#8230;<\/p><p>Em nenhuma hip\u00f3tese a Igreja Caminhos da Vida solicitar\u00e1 dados de natureza sigilosa, tais como senhas, n\u00famero de cart\u00e3o de cr\u00e9dito, chaves de seguran\u00e7a, entre outros.<\/p><p>A Igreja Caminhos da Vida pode realizar atualiza\u00e7\u00e3o e enriquecimento dos dados.<\/p><p>A Igreja Caminhos da Vida garante ao USU\u00c1RIO o direito de corre\u00e7\u00e3o de dados incompletos, inexatos ou desatualizados.<\/p><p>Os dados podem ser exclu\u00eddos a qualquer momento no caso de solicita\u00e7\u00e3o do USU\u00c1RIO.<\/p><p><strong>USU\u00c1RIO: Pessoa natural que acessa e\/ou utiliza as funcionalidades do App ou site da Igreja Caminhos da Vida.<\/strong><\/p><p>\u00a0<\/p><p><strong>2. SEGURAN\u00c7A DAS INFORMA\u00c7\u00d5ES<\/strong><\/p><p>Implementamos e mantemos as melhores pr\u00e1ticas de seguran\u00e7a da informa\u00e7\u00e3o para prote\u00e7\u00e3o de seus dados pessoais e armazenamos os dados coletados em ambiente seguro e controlado.<\/p><p>Essas medidas se aplicam a todas as \u00e1reas de seguran\u00e7a relacionadas ao Aplicativo Igreja Caminhos da Vida e ao nosso Site. Contudo, considerando que nenhum sistema de seguran\u00e7a \u00e9 infal\u00edvel, a Igreja Caminhos da Vida somente ser\u00e1 respons\u00e1vel por eventuais danos e\/ou preju\u00edzos decorrentes de acesso n\u00e3o autorizado de terceiros ao banco de dados caso aja com dolo ou culpa.<\/p><p>\u00a0<\/p><p><strong>3. PRAZO DE RETEN\u00c7\u00c3O DOS DADOS PESSOAIS<\/strong><\/p><p>Manteremos suas informa\u00e7\u00f5es at\u00e9 o t\u00e9rmino da vig\u00eancia do uso do app\/site, ou a seu pedido quando a Igreja Caminhos da Vida excluir\u00e1 imediatamente os seus dados a fim de que eles n\u00e3o possam ser acessados de nenhuma forma, a menos que exista uma obriga\u00e7\u00e3o legal imposta a Igreja Caminhos da Vida que impe\u00e7a a exclus\u00e3o de todos os dados ou de parte deles.<\/p><p>Temos que mencionar novamente que estas politicas se referem unicamente aos dados dos quais temos acesso, dados de experi\u00eancia de usu\u00e1rio, ao comportamento de usu\u00e1rio analisados pelos nossos sistemas, mediante Cookies. N\u00e3o armazenamos dados pessoais de usu\u00e1rios e n\u00e3o manipulamos estes dados.<\/p><p>\u00a0<\/p><p><strong>4. RECLAMA\u00c7\u00d5ES E COMUNICA\u00c7\u00d5ES<\/strong><\/p><p>Nomeamos um encarregado para a Prote\u00e7\u00e3o de Dados no Igreja Caminhos da Vida para comunica\u00e7\u00e3o com os titulares das informa\u00e7\u00f5es.<\/p><p>Se voc\u00ea entender, a qualquer momento, que suas informa\u00e7\u00f5es pessoais foram usadas de maneira indevida a esta Pol\u00edtica de Privacidade ou se tiver qualquer d\u00favida, solicita\u00e7\u00e3o ou coment\u00e1rio relacionado ao tratamento de dados pessoais, entre em contato com MONTEIRO JUNIOR atrav\u00e9s do e-mail suporte<a target=\"_new\">@igrejacaminhosdavida.com.br<\/a>.<\/p><p>\u00a0<\/p><p><strong>5. ATUALIZA\u00c7\u00d5ES NA POL\u00cdTICA DE PRIVACIDADE<\/strong><\/p><p>Esta Pol\u00edtica de Privacidade foi atualizada pela \u00faltima vez em 1\u00ba de abril de 2024.<\/p><p>A Igreja Caminhos da Vida poder\u00e1 atualizar esta Pol\u00edtica de Privacidade em decorr\u00eancia de eventual atualiza\u00e7\u00e3o normativa.<\/p>\t\t\t\t\t\t<\/div>\n\t\t\t\t<\/div>\n\t\t\t\t<div class=\"elementor-element elementor-element-b6690b3 elementor-widget elementor-widget-spacer\" data-id=\"b6690b3\" data-element_type=\"widget\" data-widget_type=\"spacer.default\">\n\t\t\t\t<div class=\"elementor-widget-container\">\n\t\t\t\t\t<div class=\"elementor-spacer\">\n\t\t\t<div class=\"elementor-spacer-inner\"><\/div>\n\t\t<\/div>\n\t\t\t\t<\/div>\n\t\t\t\t<\/div>\n\t\t\t\t\t<\/div>\n\t\t<\/div>\n\t\t\t\t\t\t\t<\/div>\n\t\t<\/section>\n\t\t\t\t\t<\/div>\n\t\t<\/div>\n\t\t\t\t\t\t\t<\/div>\n\t\t<\/section>\n\t\t\t\t\t\t\t<\/div>\n\t\t","protected":false},"excerpt":{"rendered":"<p>PRIVACIDADE POL\u00cdTICA DE PRIVACIDADE E TRATAMENTO DE DADOS PESSOAIS DA IGREJA CAMINHOS DA VIDA A presente Pol\u00edtica tem por finalidade demonstrar o compromisso da Igreja Caminhos da Vida com a [&hellip;]<\/p>\n","protected":false},"author":1,"featured_media":0,"parent":0,"menu_order":0,"comment_status":"closed","ping_status":"closed","template":"elementor_header_footer","meta":{"footnotes":""},"class_list":["post-4337","page","type-page","status-publish","hentry"],"_links":{"self":[{"href":"https:\/\/igrejacaminhosdavida.com.br\/index.php\/wp-json\/wp\/v2\/pages\/4337","targetHints":{"allow":["GET"]}}],"collection":[{"href":"https:\/\/igrejacaminhosdavida.com.br\/index.php\/wp-json\/wp\/v2\/pages"}],"about":[{"href":"https:\/\/igrejacaminhosdavida.com.br\/index.php\/wp-json\/wp\/v2\/types\/page"}],"author":[{"embeddable":true,"href":"https:\/\/igrejacaminhosdavida.com.br\/index.php\/wp-json\/wp\/v2\/users\/1"}],"replies":[{"embeddable":true,"href":"https:\/\/igrejacaminhosdavida.com.br\/index.php\/wp-json\/wp\/v2\/comments?post=4337"}],"version-history":[{"count":100,"href":"https:\/\/igrejacaminhosdavida.com.br\/index.php\/wp-json\/wp\/v2\/pages\/4337\/revisions"}],"predecessor-version":[{"id":4442,"href":"https:\/\/igrejacaminhosdavida.com.br\/index.php\/wp-json\/wp\/v2\/pages\/4337\/revisions\/4442"}],"wp:attachment":[{"href":"https:\/\/igrejacaminhosdavida.com.br\/index.php\/wp-json\/wp\/v2\/media?parent=4337"}],"curies":[{"name":"wp","href":"https:\/\/api.w.org\/{rel}","templated":true}]}}